{"id":668,"date":"2024-01-10T17:03:26","date_gmt":"2024-01-10T20:03:26","guid":{"rendered":"https:\/\/studiomarideus.com\/pagina-inicial\/?page_id=668"},"modified":"2024-10-25T08:28:20","modified_gmt":"2024-10-25T11:28:20","slug":"barra-grande-teresina-pi","status":"publish","type":"page","link":"https:\/\/studiomarideus.com\/pagina-inicial\/barra-grande-teresina-pi\/","title":{"rendered":"Barra Grande \u2013 Teresina\/PI"},"content":{"rendered":"\t\t<div data-elementor-type=\"wp-page\" data-elementor-id=\"668\" class=\"elementor elementor-668\">\n\t\t\t\t\t\t\t<div class=\"elementor-element elementor-element-e3f0859 e-flex e-con-boxed wpr-particle-no wpr-jarallax-no wpr-parallax-no wpr-sticky-section-no e-con e-parent\" data-id=\"e3f0859\" data-element_type=\"container\" data-settings=\"{&quot;content_width&quot;:&quot;boxed&quot;}\" data-core-v316-plus=\"true\">\n\t\t\t\t\t<div class=\"e-con-inner\">\n\t\t\t\t<div class=\"elementor-element elementor-element-0e536e6 elementor-widget elementor-widget-spacer\" data-id=\"0e536e6\" data-element_type=\"widget\" data-widget_type=\"spacer.default\">\n\t\t\t\t<div class=\"elementor-widget-container\">\n\t\t\t<style>\/*! elementor - v3.18.0 - 20-12-2023 *\/\n.elementor-column .elementor-spacer-inner{height:var(--spacer-size)}.e-con{--container-widget-width:100%}.e-con-inner>.elementor-widget-spacer,.e-con>.elementor-widget-spacer{width:var(--container-widget-width,var(--spacer-size));--align-self:var(--container-widget-align-self,initial);--flex-shrink:0}.e-con-inner>.elementor-widget-spacer>.elementor-widget-container,.e-con>.elementor-widget-spacer>.elementor-widget-container{height:100%;width:100%}.e-con-inner>.elementor-widget-spacer>.elementor-widget-container>.elementor-spacer,.e-con>.elementor-widget-spacer>.elementor-widget-container>.elementor-spacer{height:100%}.e-con-inner>.elementor-widget-spacer>.elementor-widget-container>.elementor-spacer>.elementor-spacer-inner,.e-con>.elementor-widget-spacer>.elementor-widget-container>.elementor-spacer>.elementor-spacer-inner{height:var(--container-widget-height,var(--spacer-size))}.e-con-inner>.elementor-widget-spacer.elementor-widget-empty,.e-con>.elementor-widget-spacer.elementor-widget-empty{position:relative;min-height:22px;min-width:22px}.e-con-inner>.elementor-widget-spacer.elementor-widget-empty .elementor-widget-empty-icon,.e-con>.elementor-widget-spacer.elementor-widget-empty .elementor-widget-empty-icon{position:absolute;top:0;bottom:0;left:0;right:0;margin:auto;padding:0;width:22px;height:22px}<\/style>\t\t<div class=\"elementor-spacer\">\n\t\t\t<div class=\"elementor-spacer-inner\"><\/div>\n\t\t<\/div>\n\t\t\t\t<\/div>\n\t\t\t\t<\/div>\n\t\t\t\t<div class=\"elementor-element elementor-element-06293a7 elementor-widget elementor-widget-heading\" data-id=\"06293a7\" data-element_type=\"widget\" data-widget_type=\"heading.default\">\n\t\t\t\t<div class=\"elementor-widget-container\">\n\t\t\t<style>\/*! elementor - v3.18.0 - 20-12-2023 *\/\n.elementor-heading-title{padding:0;margin:0;line-height:1}.elementor-widget-heading .elementor-heading-title[class*=elementor-size-]>a{color:inherit;font-size:inherit;line-height:inherit}.elementor-widget-heading .elementor-heading-title.elementor-size-small{font-size:15px}.elementor-widget-heading .elementor-heading-title.elementor-size-medium{font-size:19px}.elementor-widget-heading .elementor-heading-title.elementor-size-large{font-size:29px}.elementor-widget-heading .elementor-heading-title.elementor-size-xl{font-size:39px}.elementor-widget-heading .elementor-heading-title.elementor-size-xxl{font-size:59px}<\/style><h2 class=\"elementor-heading-title elementor-size-default\">Barra Grande \u2013 Teresina\/PI<\/h2>\t\t<\/div>\n\t\t\t\t<\/div>\n\t\t\t\t<div class=\"elementor-element elementor-element-9b68378 elementor-widget elementor-widget-text-editor\" data-id=\"9b68378\" data-element_type=\"widget\" data-widget_type=\"text-editor.default\">\n\t\t\t\t<div class=\"elementor-widget-container\">\n\t\t\t<style>\/*! elementor - v3.18.0 - 20-12-2023 *\/\n.elementor-widget-text-editor.elementor-drop-cap-view-stacked .elementor-drop-cap{background-color:#69727d;color:#fff}.elementor-widget-text-editor.elementor-drop-cap-view-framed .elementor-drop-cap{color:#69727d;border:3px solid;background-color:transparent}.elementor-widget-text-editor:not(.elementor-drop-cap-view-default) .elementor-drop-cap{margin-top:8px}.elementor-widget-text-editor:not(.elementor-drop-cap-view-default) .elementor-drop-cap-letter{width:1em;height:1em}.elementor-widget-text-editor .elementor-drop-cap{float:left;text-align:center;line-height:1;font-size:50px}.elementor-widget-text-editor .elementor-drop-cap-letter{display:inline-block}<\/style>\t\t\t\t<p><span style=\"font-weight: 400;\">Desenvolvemos ilustra\u00e7\u00f5es personalizadas para compor a identidade visual de seu casamento ou evento. As artes s\u00e3o entregues em formato digital prontas para serem aplicadas na papelaria e demais itens.<\/span><\/p><p><span style=\"font-weight: 400;\">A arte a seguir foi desenvolvida em parceria com Jo\u00e3o Cvlh, designer de marcas, especialista em identidade visual.<\/span><\/p><p><span style=\"font-weight: 400;\">Os layouts abaixo s\u00e3o sugest\u00f5es de montagem. Imagens ilustrativas.<\/span><\/p><p><span style=\"font-weight: 400;\">Quer personalizar seu evento? Entre em contato conosco!<\/span><\/p><p><span style=\"font-weight: 400;\">Ser\u00e1 um prazer esclarecer suas d\u00favidas!<\/span><\/p>\t\t\t\t\t\t<\/div>\n\t\t\t\t<\/div>\n\t\t\t\t\t<\/div>\n\t\t\t\t<\/div>\n\t\t<div class=\"elementor-element elementor-element-025b2d8 e-flex e-con-boxed wpr-particle-no wpr-jarallax-no wpr-parallax-no wpr-sticky-section-no e-con e-parent\" data-id=\"025b2d8\" data-element_type=\"container\" data-settings=\"{&quot;content_width&quot;:&quot;boxed&quot;}\" data-core-v316-plus=\"true\">\n\t\t\t\t\t<div class=\"e-con-inner\">\n\t\t\t\t<div class=\"elementor-element elementor-element-47337d9 elementor-widget elementor-widget-image\" data-id=\"47337d9\" data-element_type=\"widget\" data-widget_type=\"image.default\">\n\t\t\t\t<div class=\"elementor-widget-container\">\n\t\t\t<style>\/*! elementor - v3.18.0 - 20-12-2023 *\/\n.elementor-widget-image{text-align:center}.elementor-widget-image a{display:inline-block}.elementor-widget-image a img[src$=\".svg\"]{width:48px}.elementor-widget-image img{vertical-align:middle;display:inline-block}<\/style>\t\t\t\t\t\t\t\t\t\t\t\t<img fetchpriority=\"high\" decoding=\"async\" width=\"6000\" height=\"4000\" src=\"https:\/\/studiomarideus.com\/wp-content\/uploads\/2024\/01\/mockup-convite-1.png\" class=\"attachment-full size-full wp-image-744\" alt=\"\" srcset=\"https:\/\/studiomarideus.com\/wp-content\/uploads\/2024\/01\/mockup-convite-1.png 6000w, https:\/\/studiomarideus.com\/wp-content\/uploads\/2024\/01\/mockup-convite-1-300x200.png 300w, https:\/\/studiomarideus.com\/wp-content\/uploads\/2024\/01\/mockup-convite-1-1024x683.png 1024w, https:\/\/studiomarideus.com\/wp-content\/uploads\/2024\/01\/mockup-convite-1-768x512.png 768w, https:\/\/studiomarideus.com\/wp-content\/uploads\/2024\/01\/mockup-convite-1-1536x1024.png 1536w, https:\/\/studiomarideus.com\/wp-content\/uploads\/2024\/01\/mockup-convite-1-2048x1365.png 2048w\" sizes=\"(max-width: 6000px) 100vw, 6000px\" \/>\t\t\t\t\t\t\t\t\t\t\t\t\t\t\t<\/div>\n\t\t\t\t<\/div>\n\t\t\t\t<div class=\"elementor-element elementor-element-7b8cef3 elementor-widget elementor-widget-image\" data-id=\"7b8cef3\" data-element_type=\"widget\" data-widget_type=\"image.default\">\n\t\t\t\t<div class=\"elementor-widget-container\">\n\t\t\t\t\t\t\t\t\t\t\t\t\t\t\t<img decoding=\"async\" width=\"3455\" height=\"2611\" src=\"https:\/\/studiomarideus.com\/wp-content\/uploads\/2024\/01\/Save-the-date-2-2.png\" class=\"attachment-full size-full wp-image-743\" alt=\"\" srcset=\"https:\/\/studiomarideus.com\/wp-content\/uploads\/2024\/01\/Save-the-date-2-2.png 3455w, https:\/\/studiomarideus.com\/wp-content\/uploads\/2024\/01\/Save-the-date-2-2-300x227.png 300w, https:\/\/studiomarideus.com\/wp-content\/uploads\/2024\/01\/Save-the-date-2-2-1024x774.png 1024w, https:\/\/studiomarideus.com\/wp-content\/uploads\/2024\/01\/Save-the-date-2-2-768x580.png 768w, https:\/\/studiomarideus.com\/wp-content\/uploads\/2024\/01\/Save-the-date-2-2-1536x1161.png 1536w, https:\/\/studiomarideus.com\/wp-content\/uploads\/2024\/01\/Save-the-date-2-2-2048x1548.png 2048w\" sizes=\"(max-width: 3455px) 100vw, 3455px\" \/>\t\t\t\t\t\t\t\t\t\t\t\t\t\t\t<\/div>\n\t\t\t\t<\/div>\n\t\t\t\t<div class=\"elementor-element elementor-element-f7764fb elementor-widget elementor-widget-image\" data-id=\"f7764fb\" data-element_type=\"widget\" data-widget_type=\"image.default\">\n\t\t\t\t<div class=\"elementor-widget-container\">\n\t\t\t\t\t\t\t\t\t\t\t\t\t\t\t<img decoding=\"async\" width=\"2000\" height=\"1428\" src=\"https:\/\/studiomarideus.com\/wp-content\/uploads\/2024\/01\/Verde-Aquarela-Script-Estilo-Fluido-Convite-de-Casamento-1.png\" class=\"attachment-full size-full wp-image-742\" alt=\"\" srcset=\"https:\/\/studiomarideus.com\/wp-content\/uploads\/2024\/01\/Verde-Aquarela-Script-Estilo-Fluido-Convite-de-Casamento-1.png 2000w, https:\/\/studiomarideus.com\/wp-content\/uploads\/2024\/01\/Verde-Aquarela-Script-Estilo-Fluido-Convite-de-Casamento-1-300x214.png 300w, https:\/\/studiomarideus.com\/wp-content\/uploads\/2024\/01\/Verde-Aquarela-Script-Estilo-Fluido-Convite-de-Casamento-1-1024x731.png 1024w, https:\/\/studiomarideus.com\/wp-content\/uploads\/2024\/01\/Verde-Aquarela-Script-Estilo-Fluido-Convite-de-Casamento-1-768x548.png 768w, https:\/\/studiomarideus.com\/wp-content\/uploads\/2024\/01\/Verde-Aquarela-Script-Estilo-Fluido-Convite-de-Casamento-1-1536x1097.png 1536w\" sizes=\"(max-width: 2000px) 100vw, 2000px\" \/>\t\t\t\t\t\t\t\t\t\t\t\t\t\t\t<\/div>\n\t\t\t\t<\/div>\n\t\t\t\t<div class=\"elementor-element elementor-element-10db700 elementor-widget elementor-widget-image\" data-id=\"10db700\" data-element_type=\"widget\" data-widget_type=\"image.default\">\n\t\t\t\t<div class=\"elementor-widget-container\">\n\t\t\t\t\t\t\t\t\t\t\t\t\t\t\t<img loading=\"lazy\" decoding=\"async\" width=\"1706\" height=\"2560\" src=\"https:\/\/studiomarideus.com\/wp-content\/uploads\/2024\/01\/185464c8-231e-42e5-aaac-63ea7166b802-1-scaled.jpg\" class=\"attachment-full size-full wp-image-741\" alt=\"\" srcset=\"https:\/\/studiomarideus.com\/wp-content\/uploads\/2024\/01\/185464c8-231e-42e5-aaac-63ea7166b802-1-scaled.jpg 1706w, https:\/\/studiomarideus.com\/wp-content\/uploads\/2024\/01\/185464c8-231e-42e5-aaac-63ea7166b802-1-200x300.jpg 200w, https:\/\/studiomarideus.com\/wp-content\/uploads\/2024\/01\/185464c8-231e-42e5-aaac-63ea7166b802-1-683x1024.jpg 683w, https:\/\/studiomarideus.com\/wp-content\/uploads\/2024\/01\/185464c8-231e-42e5-aaac-63ea7166b802-1-768x1152.jpg 768w, https:\/\/studiomarideus.com\/wp-content\/uploads\/2024\/01\/185464c8-231e-42e5-aaac-63ea7166b802-1-1024x1536.jpg 1024w, https:\/\/studiomarideus.com\/wp-content\/uploads\/2024\/01\/185464c8-231e-42e5-aaac-63ea7166b802-1-1365x2048.jpg 1365w\" sizes=\"(max-width: 1706px) 100vw, 1706px\" \/>\t\t\t\t\t\t\t\t\t\t\t\t\t\t\t<\/div>\n\t\t\t\t<\/div>\n\t\t\t\t\t<\/div>\n\t\t\t\t<\/div>\n\t\t\t\t\t\t\t<\/div>\n\t\t","protected":false},"excerpt":{"rendered":"<p>Barra Grande \u2013 Teresina\/PI Desenvolvemos ilustra\u00e7\u00f5es personalizadas para compor a identidade visual de seu casamento ou evento. As artes s\u00e3o entregues em formato digital prontas para serem aplicadas na papelaria e demais itens. A arte a seguir foi desenvolvida em parceria com Jo\u00e3o Cvlh, designer de marcas, especialista em identidade visual. Os layouts abaixo s\u00e3o [&hellip;]<\/p>\n","protected":false},"author":1,"featured_media":0,"parent":0,"menu_order":0,"comment_status":"closed","ping_status":"closed","template":"elementor_canvas","meta":{"footnotes":""},"_links":{"self":[{"href":"https:\/\/studiomarideus.com\/pagina-inicial\/wp-json\/wp\/v2\/pages\/668"}],"collection":[{"href":"https:\/\/studiomarideus.com\/pagina-inicial\/wp-json\/wp\/v2\/pages"}],"about":[{"href":"https:\/\/studiomarideus.com\/pagina-inicial\/wp-json\/wp\/v2\/types\/page"}],"author":[{"embeddable":true,"href":"https:\/\/studiomarideus.com\/pagina-inicial\/wp-json\/wp\/v2\/users\/1"}],"replies":[{"embeddable":true,"href":"https:\/\/studiomarideus.com\/pagina-inicial\/wp-json\/wp\/v2\/comments?post=668"}],"version-history":[{"count":34,"href":"https:\/\/studiomarideus.com\/pagina-inicial\/wp-json\/wp\/v2\/pages\/668\/revisions"}],"predecessor-version":[{"id":1430,"href":"https:\/\/studiomarideus.com\/pagina-inicial\/wp-json\/wp\/v2\/pages\/668\/revisions\/1430"}],"wp:attachment":[{"href":"https:\/\/studiomarideus.com\/pagina-inicial\/wp-json\/wp\/v2\/media?parent=668"}],"curies":[{"name":"wp","href":"https:\/\/api.w.org\/{rel}","templated":true}]}}