{"id":731,"date":"2024-01-10T17:27:13","date_gmt":"2024-01-10T20:27:13","guid":{"rendered":"https:\/\/studiomarideus.com\/pagina-inicial\/?page_id=731"},"modified":"2024-10-25T08:30:04","modified_gmt":"2024-10-25T11:30:04","slug":"largo-do-arruda-rj","status":"publish","type":"page","link":"https:\/\/studiomarideus.com\/pagina-inicial\/largo-do-arruda-rj\/","title":{"rendered":"Largo do Arruda \u2013 RJ"},"content":{"rendered":"\t\t<div data-elementor-type=\"wp-page\" data-elementor-id=\"731\" class=\"elementor elementor-731\">\n\t\t\t\t\t\t\t<div class=\"elementor-element elementor-element-e3f0859 e-flex e-con-boxed wpr-particle-no wpr-jarallax-no wpr-parallax-no wpr-sticky-section-no e-con e-parent\" data-id=\"e3f0859\" data-element_type=\"container\" data-settings=\"{&quot;content_width&quot;:&quot;boxed&quot;}\" data-core-v316-plus=\"true\">\n\t\t\t\t\t<div class=\"e-con-inner\">\n\t\t\t\t<div class=\"elementor-element elementor-element-2a71334 elementor-widget elementor-widget-spacer\" data-id=\"2a71334\" data-element_type=\"widget\" data-widget_type=\"spacer.default\">\n\t\t\t\t<div class=\"elementor-widget-container\">\n\t\t\t<style>\/*! elementor - v3.18.0 - 20-12-2023 *\/\n.elementor-column .elementor-spacer-inner{height:var(--spacer-size)}.e-con{--container-widget-width:100%}.e-con-inner>.elementor-widget-spacer,.e-con>.elementor-widget-spacer{width:var(--container-widget-width,var(--spacer-size));--align-self:var(--container-widget-align-self,initial);--flex-shrink:0}.e-con-inner>.elementor-widget-spacer>.elementor-widget-container,.e-con>.elementor-widget-spacer>.elementor-widget-container{height:100%;width:100%}.e-con-inner>.elementor-widget-spacer>.elementor-widget-container>.elementor-spacer,.e-con>.elementor-widget-spacer>.elementor-widget-container>.elementor-spacer{height:100%}.e-con-inner>.elementor-widget-spacer>.elementor-widget-container>.elementor-spacer>.elementor-spacer-inner,.e-con>.elementor-widget-spacer>.elementor-widget-container>.elementor-spacer>.elementor-spacer-inner{height:var(--container-widget-height,var(--spacer-size))}.e-con-inner>.elementor-widget-spacer.elementor-widget-empty,.e-con>.elementor-widget-spacer.elementor-widget-empty{position:relative;min-height:22px;min-width:22px}.e-con-inner>.elementor-widget-spacer.elementor-widget-empty .elementor-widget-empty-icon,.e-con>.elementor-widget-spacer.elementor-widget-empty .elementor-widget-empty-icon{position:absolute;top:0;bottom:0;left:0;right:0;margin:auto;padding:0;width:22px;height:22px}<\/style>\t\t<div class=\"elementor-spacer\">\n\t\t\t<div class=\"elementor-spacer-inner\"><\/div>\n\t\t<\/div>\n\t\t\t\t<\/div>\n\t\t\t\t<\/div>\n\t\t\t\t<div class=\"elementor-element elementor-element-06293a7 elementor-widget elementor-widget-heading\" data-id=\"06293a7\" data-element_type=\"widget\" data-widget_type=\"heading.default\">\n\t\t\t\t<div class=\"elementor-widget-container\">\n\t\t\t<style>\/*! elementor - v3.18.0 - 20-12-2023 *\/\n.elementor-heading-title{padding:0;margin:0;line-height:1}.elementor-widget-heading .elementor-heading-title[class*=elementor-size-]>a{color:inherit;font-size:inherit;line-height:inherit}.elementor-widget-heading .elementor-heading-title.elementor-size-small{font-size:15px}.elementor-widget-heading .elementor-heading-title.elementor-size-medium{font-size:19px}.elementor-widget-heading .elementor-heading-title.elementor-size-large{font-size:29px}.elementor-widget-heading .elementor-heading-title.elementor-size-xl{font-size:39px}.elementor-widget-heading .elementor-heading-title.elementor-size-xxl{font-size:59px}<\/style><h2 class=\"elementor-heading-title elementor-size-default\">Largo do Arruda \u2013 RJ<\/h2>\t\t<\/div>\n\t\t\t\t<\/div>\n\t\t\t\t<div class=\"elementor-element elementor-element-9b68378 elementor-widget elementor-widget-text-editor\" data-id=\"9b68378\" data-element_type=\"widget\" data-widget_type=\"text-editor.default\">\n\t\t\t\t<div class=\"elementor-widget-container\">\n\t\t\t<style>\/*! elementor - v3.18.0 - 20-12-2023 *\/\n.elementor-widget-text-editor.elementor-drop-cap-view-stacked .elementor-drop-cap{background-color:#69727d;color:#fff}.elementor-widget-text-editor.elementor-drop-cap-view-framed .elementor-drop-cap{color:#69727d;border:3px solid;background-color:transparent}.elementor-widget-text-editor:not(.elementor-drop-cap-view-default) .elementor-drop-cap{margin-top:8px}.elementor-widget-text-editor:not(.elementor-drop-cap-view-default) .elementor-drop-cap-letter{width:1em;height:1em}.elementor-widget-text-editor .elementor-drop-cap{float:left;text-align:center;line-height:1;font-size:50px}.elementor-widget-text-editor .elementor-drop-cap-letter{display:inline-block}<\/style>\t\t\t\t<p>Desenvolvemos ilustra\u00e7\u00f5es personalizadas para compor a identidade visual de seu casamento ou evento. As artes s\u00e3o entregues em formato digital prontas para serem aplicadas na papelaria e demais itens.<\/p><p>A pedido da cliente, a aquarela a seguir representa o lind\u00edssimo casar\u00e3o Largo do Arruda. Foi desenvolvida para aplica\u00e7\u00e3o no site dos noivos, uma bela antecipa\u00e7\u00e3o aos convidados sobre o local da festa.<\/p><p>Os layouts abaixo s\u00e3o sugest\u00f5es de montagem. Imagens ilustrativas.<\/p><p>Quer personalizar seu evento? Entre em contato conosco!<br \/>Ser\u00e1 um prazer esclarecer suas d\u00favidas!<\/p>\t\t\t\t\t\t<\/div>\n\t\t\t\t<\/div>\n\t\t\t\t\t<\/div>\n\t\t\t\t<\/div>\n\t\t<div class=\"elementor-element elementor-element-025b2d8 e-flex e-con-boxed wpr-particle-no wpr-jarallax-no wpr-parallax-no wpr-sticky-section-no e-con e-parent\" data-id=\"025b2d8\" data-element_type=\"container\" data-settings=\"{&quot;content_width&quot;:&quot;boxed&quot;}\" data-core-v316-plus=\"true\">\n\t\t\t\t\t<div class=\"e-con-inner\">\n\t\t\t\t<div class=\"elementor-element elementor-element-063b337 elementor-widget elementor-widget-image\" data-id=\"063b337\" data-element_type=\"widget\" data-widget_type=\"image.default\">\n\t\t\t\t<div class=\"elementor-widget-container\">\n\t\t\t<style>\/*! elementor - v3.18.0 - 20-12-2023 *\/\n.elementor-widget-image{text-align:center}.elementor-widget-image a{display:inline-block}.elementor-widget-image a img[src$=\".svg\"]{width:48px}.elementor-widget-image img{vertical-align:middle;display:inline-block}<\/style>\t\t\t\t\t\t\t\t\t\t\t\t<img fetchpriority=\"high\" decoding=\"async\" width=\"960\" height=\"681\" src=\"https:\/\/studiomarideus.com\/wp-content\/uploads\/2024\/01\/mockup-largo-do-arruda-1024x726.jpg\" class=\"attachment-large size-large wp-image-735\" alt=\"\" srcset=\"https:\/\/studiomarideus.com\/wp-content\/uploads\/2024\/01\/mockup-largo-do-arruda-1024x726.jpg 1024w, https:\/\/studiomarideus.com\/wp-content\/uploads\/2024\/01\/mockup-largo-do-arruda-300x213.jpg 300w, https:\/\/studiomarideus.com\/wp-content\/uploads\/2024\/01\/mockup-largo-do-arruda-768x545.jpg 768w, https:\/\/studiomarideus.com\/wp-content\/uploads\/2024\/01\/mockup-largo-do-arruda-1536x1090.jpg 1536w, https:\/\/studiomarideus.com\/wp-content\/uploads\/2024\/01\/mockup-largo-do-arruda.jpg 1748w\" sizes=\"(max-width: 960px) 100vw, 960px\" \/>\t\t\t\t\t\t\t\t\t\t\t\t\t\t\t<\/div>\n\t\t\t\t<\/div>\n\t\t\t\t<div class=\"elementor-element elementor-element-b317a66 elementor-widget elementor-widget-image\" data-id=\"b317a66\" data-element_type=\"widget\" data-widget_type=\"image.default\">\n\t\t\t\t<div class=\"elementor-widget-container\">\n\t\t\t\t\t\t\t\t\t\t\t\t\t\t\t<img decoding=\"async\" width=\"960\" height=\"673\" src=\"https:\/\/studiomarideus.com\/wp-content\/uploads\/2024\/01\/Fernanda-1024x718.jpg\" class=\"attachment-large size-large wp-image-736\" alt=\"\" srcset=\"https:\/\/studiomarideus.com\/wp-content\/uploads\/2024\/01\/Fernanda-1024x718.jpg 1024w, https:\/\/studiomarideus.com\/wp-content\/uploads\/2024\/01\/Fernanda-300x210.jpg 300w, https:\/\/studiomarideus.com\/wp-content\/uploads\/2024\/01\/Fernanda-768x539.jpg 768w, https:\/\/studiomarideus.com\/wp-content\/uploads\/2024\/01\/Fernanda-1536x1077.jpg 1536w, https:\/\/studiomarideus.com\/wp-content\/uploads\/2024\/01\/Fernanda-2048x1436.jpg 2048w\" sizes=\"(max-width: 960px) 100vw, 960px\" \/>\t\t\t\t\t\t\t\t\t\t\t\t\t\t\t<\/div>\n\t\t\t\t<\/div>\n\t\t\t\t\t<\/div>\n\t\t\t\t<\/div>\n\t\t\t\t\t\t\t<\/div>\n\t\t","protected":false},"excerpt":{"rendered":"<p>Largo do Arruda \u2013 RJ Desenvolvemos ilustra\u00e7\u00f5es personalizadas para compor a identidade visual de seu casamento ou evento. As artes s\u00e3o entregues em formato digital prontas para serem aplicadas na papelaria e demais itens. A pedido da cliente, a aquarela a seguir representa o lind\u00edssimo casar\u00e3o Largo do Arruda. Foi desenvolvida para aplica\u00e7\u00e3o no site [&hellip;]<\/p>\n","protected":false},"author":1,"featured_media":0,"parent":0,"menu_order":0,"comment_status":"closed","ping_status":"closed","template":"elementor_canvas","meta":{"footnotes":""},"_links":{"self":[{"href":"https:\/\/studiomarideus.com\/pagina-inicial\/wp-json\/wp\/v2\/pages\/731"}],"collection":[{"href":"https:\/\/studiomarideus.com\/pagina-inicial\/wp-json\/wp\/v2\/pages"}],"about":[{"href":"https:\/\/studiomarideus.com\/pagina-inicial\/wp-json\/wp\/v2\/types\/page"}],"author":[{"embeddable":true,"href":"https:\/\/studiomarideus.com\/pagina-inicial\/wp-json\/wp\/v2\/users\/1"}],"replies":[{"embeddable":true,"href":"https:\/\/studiomarideus.com\/pagina-inicial\/wp-json\/wp\/v2\/comments?post=731"}],"version-history":[{"count":16,"href":"https:\/\/studiomarideus.com\/pagina-inicial\/wp-json\/wp\/v2\/pages\/731\/revisions"}],"predecessor-version":[{"id":1439,"href":"https:\/\/studiomarideus.com\/pagina-inicial\/wp-json\/wp\/v2\/pages\/731\/revisions\/1439"}],"wp:attachment":[{"href":"https:\/\/studiomarideus.com\/pagina-inicial\/wp-json\/wp\/v2\/media?parent=731"}],"curies":[{"name":"wp","href":"https:\/\/api.w.org\/{rel}","templated":true}]}}