{"id":852,"date":"2024-01-10T19:03:29","date_gmt":"2024-01-10T22:03:29","guid":{"rendered":"https:\/\/studiomarideus.com\/pagina-inicial\/?page_id=852"},"modified":"2024-01-30T20:12:45","modified_gmt":"2024-01-30T23:12:45","slug":"florescendo-em-cura","status":"publish","type":"page","link":"https:\/\/studiomarideus.com\/pagina-inicial\/florescendo-em-cura\/","title":{"rendered":"Florescendo em Cura"},"content":{"rendered":"\t\t<div data-elementor-type=\"wp-page\" data-elementor-id=\"852\" class=\"elementor elementor-852\">\n\t\t\t\t\t\t\t<div class=\"elementor-element elementor-element-e3f0859 e-flex e-con-boxed wpr-particle-no wpr-jarallax-no wpr-parallax-no wpr-sticky-section-no e-con e-parent\" data-id=\"e3f0859\" data-element_type=\"container\" data-settings=\"{&quot;content_width&quot;:&quot;boxed&quot;}\" data-core-v316-plus=\"true\">\n\t\t\t\t\t<div class=\"e-con-inner\">\n\t\t\t\t<div class=\"elementor-element elementor-element-22651f2 elementor-widget elementor-widget-spacer\" data-id=\"22651f2\" data-element_type=\"widget\" data-widget_type=\"spacer.default\">\n\t\t\t\t<div class=\"elementor-widget-container\">\n\t\t\t<style>\/*! elementor - v3.18.0 - 20-12-2023 *\/\n.elementor-column .elementor-spacer-inner{height:var(--spacer-size)}.e-con{--container-widget-width:100%}.e-con-inner>.elementor-widget-spacer,.e-con>.elementor-widget-spacer{width:var(--container-widget-width,var(--spacer-size));--align-self:var(--container-widget-align-self,initial);--flex-shrink:0}.e-con-inner>.elementor-widget-spacer>.elementor-widget-container,.e-con>.elementor-widget-spacer>.elementor-widget-container{height:100%;width:100%}.e-con-inner>.elementor-widget-spacer>.elementor-widget-container>.elementor-spacer,.e-con>.elementor-widget-spacer>.elementor-widget-container>.elementor-spacer{height:100%}.e-con-inner>.elementor-widget-spacer>.elementor-widget-container>.elementor-spacer>.elementor-spacer-inner,.e-con>.elementor-widget-spacer>.elementor-widget-container>.elementor-spacer>.elementor-spacer-inner{height:var(--container-widget-height,var(--spacer-size))}.e-con-inner>.elementor-widget-spacer.elementor-widget-empty,.e-con>.elementor-widget-spacer.elementor-widget-empty{position:relative;min-height:22px;min-width:22px}.e-con-inner>.elementor-widget-spacer.elementor-widget-empty .elementor-widget-empty-icon,.e-con>.elementor-widget-spacer.elementor-widget-empty .elementor-widget-empty-icon{position:absolute;top:0;bottom:0;left:0;right:0;margin:auto;padding:0;width:22px;height:22px}<\/style>\t\t<div class=\"elementor-spacer\">\n\t\t\t<div class=\"elementor-spacer-inner\"><\/div>\n\t\t<\/div>\n\t\t\t\t<\/div>\n\t\t\t\t<\/div>\n\t\t\t\t<div class=\"elementor-element elementor-element-06293a7 elementor-widget elementor-widget-heading\" data-id=\"06293a7\" data-element_type=\"widget\" data-widget_type=\"heading.default\">\n\t\t\t\t<div class=\"elementor-widget-container\">\n\t\t\t<style>\/*! elementor - v3.18.0 - 20-12-2023 *\/\n.elementor-heading-title{padding:0;margin:0;line-height:1}.elementor-widget-heading .elementor-heading-title[class*=elementor-size-]>a{color:inherit;font-size:inherit;line-height:inherit}.elementor-widget-heading .elementor-heading-title.elementor-size-small{font-size:15px}.elementor-widget-heading .elementor-heading-title.elementor-size-medium{font-size:19px}.elementor-widget-heading .elementor-heading-title.elementor-size-large{font-size:29px}.elementor-widget-heading .elementor-heading-title.elementor-size-xl{font-size:39px}.elementor-widget-heading .elementor-heading-title.elementor-size-xxl{font-size:59px}<\/style><h2 class=\"elementor-heading-title elementor-size-default\">Florescendo em Cura<\/h2>\t\t<\/div>\n\t\t\t\t<\/div>\n\t\t\t\t<div class=\"elementor-element elementor-element-9b68378 elementor-widget elementor-widget-text-editor\" data-id=\"9b68378\" data-element_type=\"widget\" data-widget_type=\"text-editor.default\">\n\t\t\t\t<div class=\"elementor-widget-container\">\n\t\t\t<style>\/*! elementor - v3.18.0 - 20-12-2023 *\/\n.elementor-widget-text-editor.elementor-drop-cap-view-stacked .elementor-drop-cap{background-color:#69727d;color:#fff}.elementor-widget-text-editor.elementor-drop-cap-view-framed .elementor-drop-cap{color:#69727d;border:3px solid;background-color:transparent}.elementor-widget-text-editor:not(.elementor-drop-cap-view-default) .elementor-drop-cap{margin-top:8px}.elementor-widget-text-editor:not(.elementor-drop-cap-view-default) .elementor-drop-cap-letter{width:1em;height:1em}.elementor-widget-text-editor .elementor-drop-cap{float:left;text-align:center;line-height:1;font-size:50px}.elementor-widget-text-editor .elementor-drop-cap-letter{display:inline-block}<\/style>\t\t\t\t<p>Esta estampa foi desenvolvida especialmente para o Projeto Florescendo em Cura &#8211; A arte de se cuidar, um projeto social idealizado e desenvolvido pela professora Doutora Erl\u00e2ndia Pereira, com o intuito de promover o auto cuidado e atender mulheres em tratamento oncol\u00f3gico.<\/p><p>Al\u00e9m da estampa foi desenvolvido um len\u00e7o para cada esta\u00e7\u00e3o presentes na colora\u00e7\u00e3o pessoal, de acordo com o M\u00e9todo Sazonal Expandido. A estampa tamb\u00e9m foi aplicada em toda a papelaria utilizada neste projeto.<\/p><p>Quer personalizar seu projeto ou papelaria? Entre em contato conosco!<\/p><p>Ser\u00e1 um prazer esclarecer suas d\u00favidas!<\/p>\t\t\t\t\t\t<\/div>\n\t\t\t\t<\/div>\n\t\t\t\t<div class=\"elementor-element elementor-element-8961942 elementor-widget elementor-widget-image\" data-id=\"8961942\" data-element_type=\"widget\" data-widget_type=\"image.default\">\n\t\t\t\t<div class=\"elementor-widget-container\">\n\t\t\t<style>\/*! elementor - v3.18.0 - 20-12-2023 *\/\n.elementor-widget-image{text-align:center}.elementor-widget-image a{display:inline-block}.elementor-widget-image a img[src$=\".svg\"]{width:48px}.elementor-widget-image img{vertical-align:middle;display:inline-block}<\/style>\t\t\t\t\t\t\t\t\t\t\t\t<img fetchpriority=\"high\" decoding=\"async\" width=\"3000\" height=\"2264\" src=\"https:\/\/studiomarideus.com\/wp-content\/uploads\/2024\/01\/Sem-Titulo-1-1.png\" class=\"attachment-full size-full wp-image-1252\" alt=\"\" srcset=\"https:\/\/studiomarideus.com\/wp-content\/uploads\/2024\/01\/Sem-Titulo-1-1.png 3000w, https:\/\/studiomarideus.com\/wp-content\/uploads\/2024\/01\/Sem-Titulo-1-1-300x226.png 300w, https:\/\/studiomarideus.com\/wp-content\/uploads\/2024\/01\/Sem-Titulo-1-1-1024x773.png 1024w, https:\/\/studiomarideus.com\/wp-content\/uploads\/2024\/01\/Sem-Titulo-1-1-768x580.png 768w, https:\/\/studiomarideus.com\/wp-content\/uploads\/2024\/01\/Sem-Titulo-1-1-1536x1159.png 1536w, https:\/\/studiomarideus.com\/wp-content\/uploads\/2024\/01\/Sem-Titulo-1-1-2048x1546.png 2048w\" sizes=\"(max-width: 3000px) 100vw, 3000px\" \/>\t\t\t\t\t\t\t\t\t\t\t\t\t\t\t<\/div>\n\t\t\t\t<\/div>\n\t\t\t\t\t<\/div>\n\t\t\t\t<\/div>\n\t\t<div class=\"elementor-element elementor-element-1971666 e-flex e-con-boxed wpr-particle-no wpr-jarallax-no wpr-parallax-no wpr-sticky-section-no e-con e-parent\" data-id=\"1971666\" data-element_type=\"container\" data-settings=\"{&quot;content_width&quot;:&quot;boxed&quot;}\" data-core-v316-plus=\"true\">\n\t\t\t\t\t<div class=\"e-con-inner\">\n\t\t\t\t<div class=\"elementor-element elementor-element-31fd86a elementor-widget elementor-widget-image\" data-id=\"31fd86a\" data-element_type=\"widget\" data-widget_type=\"image.default\">\n\t\t\t\t<div class=\"elementor-widget-container\">\n\t\t\t\t\t\t\t\t\t\t\t\t\t\t\t<img decoding=\"async\" width=\"564\" height=\"844\" src=\"https:\/\/studiomarideus.com\/wp-content\/uploads\/2024\/01\/camisa-1-1.jpg\" class=\"attachment-full size-full wp-image-1253\" alt=\"\" srcset=\"https:\/\/studiomarideus.com\/wp-content\/uploads\/2024\/01\/camisa-1-1.jpg 564w, https:\/\/studiomarideus.com\/wp-content\/uploads\/2024\/01\/camisa-1-1-200x300.jpg 200w\" sizes=\"(max-width: 564px) 100vw, 564px\" \/>\t\t\t\t\t\t\t\t\t\t\t\t\t\t\t<\/div>\n\t\t\t\t<\/div>\n\t\t\t\t\t<\/div>\n\t\t\t\t<\/div>\n\t\t<div class=\"elementor-element elementor-element-fe7b393 e-flex e-con-boxed wpr-particle-no wpr-jarallax-no wpr-parallax-no wpr-sticky-section-no e-con e-parent\" data-id=\"fe7b393\" data-element_type=\"container\" data-settings=\"{&quot;content_width&quot;:&quot;boxed&quot;}\" data-core-v316-plus=\"true\">\n\t\t\t\t\t<div class=\"e-con-inner\">\n\t\t\t\t<div class=\"elementor-element elementor-element-0a21184 elementor-widget elementor-widget-image\" data-id=\"0a21184\" data-element_type=\"widget\" data-widget_type=\"image.default\">\n\t\t\t\t<div class=\"elementor-widget-container\">\n\t\t\t\t\t\t\t\t\t\t\t\t\t\t\t<img decoding=\"async\" width=\"2560\" height=\"1707\" src=\"https:\/\/studiomarideus.com\/wp-content\/uploads\/2024\/01\/Lenco-quadrado-na-cadeira-2-scaled.jpg\" class=\"attachment-full size-full wp-image-1254\" alt=\"\" srcset=\"https:\/\/studiomarideus.com\/wp-content\/uploads\/2024\/01\/Lenco-quadrado-na-cadeira-2-scaled.jpg 2560w, https:\/\/studiomarideus.com\/wp-content\/uploads\/2024\/01\/Lenco-quadrado-na-cadeira-2-300x200.jpg 300w, https:\/\/studiomarideus.com\/wp-content\/uploads\/2024\/01\/Lenco-quadrado-na-cadeira-2-1024x683.jpg 1024w, https:\/\/studiomarideus.com\/wp-content\/uploads\/2024\/01\/Lenco-quadrado-na-cadeira-2-768x512.jpg 768w, https:\/\/studiomarideus.com\/wp-content\/uploads\/2024\/01\/Lenco-quadrado-na-cadeira-2-1536x1024.jpg 1536w, https:\/\/studiomarideus.com\/wp-content\/uploads\/2024\/01\/Lenco-quadrado-na-cadeira-2-2048x1365.jpg 2048w\" sizes=\"(max-width: 2560px) 100vw, 2560px\" \/>\t\t\t\t\t\t\t\t\t\t\t\t\t\t\t<\/div>\n\t\t\t\t<\/div>\n\t\t\t\t<div class=\"elementor-element elementor-element-a18ef50 elementor-widget elementor-widget-image\" data-id=\"a18ef50\" data-element_type=\"widget\" data-widget_type=\"image.default\">\n\t\t\t\t<div class=\"elementor-widget-container\">\n\t\t\t\t\t\t\t\t\t\t\t\t\t\t\t<img loading=\"lazy\" decoding=\"async\" width=\"3000\" height=\"2250\" src=\"https:\/\/studiomarideus.com\/wp-content\/uploads\/2024\/01\/Erlandia-papelaria-1.png\" class=\"attachment-full size-full wp-image-1255\" alt=\"\" srcset=\"https:\/\/studiomarideus.com\/wp-content\/uploads\/2024\/01\/Erlandia-papelaria-1.png 3000w, https:\/\/studiomarideus.com\/wp-content\/uploads\/2024\/01\/Erlandia-papelaria-1-300x225.png 300w, https:\/\/studiomarideus.com\/wp-content\/uploads\/2024\/01\/Erlandia-papelaria-1-1024x768.png 1024w, https:\/\/studiomarideus.com\/wp-content\/uploads\/2024\/01\/Erlandia-papelaria-1-768x576.png 768w, https:\/\/studiomarideus.com\/wp-content\/uploads\/2024\/01\/Erlandia-papelaria-1-1536x1152.png 1536w, https:\/\/studiomarideus.com\/wp-content\/uploads\/2024\/01\/Erlandia-papelaria-1-2048x1536.png 2048w\" sizes=\"(max-width: 3000px) 100vw, 3000px\" \/>\t\t\t\t\t\t\t\t\t\t\t\t\t\t\t<\/div>\n\t\t\t\t<\/div>\n\t\t\t\t\t<\/div>\n\t\t\t\t<\/div>\n\t\t<div class=\"elementor-element elementor-element-2301848 e-flex e-con-boxed wpr-particle-no wpr-jarallax-no wpr-parallax-no wpr-sticky-section-no e-con e-parent\" data-id=\"2301848\" data-element_type=\"container\" data-settings=\"{&quot;content_width&quot;:&quot;boxed&quot;}\" data-core-v316-plus=\"true\">\n\t\t\t\t\t<div class=\"e-con-inner\">\n\t\t<div class=\"elementor-element elementor-element-5bbde54 e-con-full e-flex wpr-particle-no wpr-jarallax-no wpr-parallax-no wpr-sticky-section-no e-con e-child\" data-id=\"5bbde54\" data-element_type=\"container\" data-settings=\"{&quot;content_width&quot;:&quot;full&quot;}\">\n\t\t\t\t<div class=\"elementor-element elementor-element-ab5cdf3 elementor-widget elementor-widget-image\" data-id=\"ab5cdf3\" data-element_type=\"widget\" data-widget_type=\"image.default\">\n\t\t\t\t<div class=\"elementor-widget-container\">\n\t\t\t\t\t\t\t\t\t\t\t\t\t\t\t<img loading=\"lazy\" decoding=\"async\" width=\"1000\" height=\"996\" src=\"https:\/\/studiomarideus.com\/wp-content\/uploads\/2024\/01\/Instagram_03-1.png\" class=\"attachment-full size-full wp-image-1257\" alt=\"\" srcset=\"https:\/\/studiomarideus.com\/wp-content\/uploads\/2024\/01\/Instagram_03-1.png 1000w, https:\/\/studiomarideus.com\/wp-content\/uploads\/2024\/01\/Instagram_03-1-300x300.png 300w, https:\/\/studiomarideus.com\/wp-content\/uploads\/2024\/01\/Instagram_03-1-150x150.png 150w, https:\/\/studiomarideus.com\/wp-content\/uploads\/2024\/01\/Instagram_03-1-768x765.png 768w\" sizes=\"(max-width: 1000px) 100vw, 1000px\" \/>\t\t\t\t\t\t\t\t\t\t\t\t\t\t\t<\/div>\n\t\t\t\t<\/div>\n\t\t\t\t<\/div>\n\t\t<div class=\"elementor-element elementor-element-fc9095c e-con-full e-flex wpr-particle-no wpr-jarallax-no wpr-parallax-no wpr-sticky-section-no e-con e-child\" data-id=\"fc9095c\" data-element_type=\"container\" data-settings=\"{&quot;content_width&quot;:&quot;full&quot;}\">\n\t\t\t\t<div class=\"elementor-element elementor-element-970f561 elementor-widget elementor-widget-image\" data-id=\"970f561\" data-element_type=\"widget\" data-widget_type=\"image.default\">\n\t\t\t\t<div class=\"elementor-widget-container\">\n\t\t\t\t\t\t\t\t\t\t\t\t\t\t\t<img loading=\"lazy\" decoding=\"async\" width=\"950\" height=\"950\" src=\"https:\/\/studiomarideus.com\/wp-content\/uploads\/2024\/01\/paleta-de-cores-1.png\" class=\"attachment-full size-full wp-image-1256\" alt=\"\" srcset=\"https:\/\/studiomarideus.com\/wp-content\/uploads\/2024\/01\/paleta-de-cores-1.png 950w, https:\/\/studiomarideus.com\/wp-content\/uploads\/2024\/01\/paleta-de-cores-1-300x300.png 300w, https:\/\/studiomarideus.com\/wp-content\/uploads\/2024\/01\/paleta-de-cores-1-150x150.png 150w, https:\/\/studiomarideus.com\/wp-content\/uploads\/2024\/01\/paleta-de-cores-1-768x768.png 768w\" sizes=\"(max-width: 950px) 100vw, 950px\" \/>\t\t\t\t\t\t\t\t\t\t\t\t\t\t\t<\/div>\n\t\t\t\t<\/div>\n\t\t\t\t<\/div>\n\t\t\t\t\t<\/div>\n\t\t\t\t<\/div>\n\t\t\t\t\t\t\t<\/div>\n\t\t","protected":false},"excerpt":{"rendered":"<p>Florescendo em Cura Esta estampa foi desenvolvida especialmente para o Projeto Florescendo em Cura &#8211; A arte de se cuidar, um projeto social idealizado e desenvolvido pela professora Doutora Erl\u00e2ndia Pereira, com o intuito de promover o auto cuidado e atender mulheres em tratamento oncol\u00f3gico. Al\u00e9m da estampa foi desenvolvido um len\u00e7o para cada esta\u00e7\u00e3o [&hellip;]<\/p>\n","protected":false},"author":1,"featured_media":0,"parent":0,"menu_order":0,"comment_status":"closed","ping_status":"closed","template":"elementor_canvas","meta":{"footnotes":""},"_links":{"self":[{"href":"https:\/\/studiomarideus.com\/pagina-inicial\/wp-json\/wp\/v2\/pages\/852"}],"collection":[{"href":"https:\/\/studiomarideus.com\/pagina-inicial\/wp-json\/wp\/v2\/pages"}],"about":[{"href":"https:\/\/studiomarideus.com\/pagina-inicial\/wp-json\/wp\/v2\/types\/page"}],"author":[{"embeddable":true,"href":"https:\/\/studiomarideus.com\/pagina-inicial\/wp-json\/wp\/v2\/users\/1"}],"replies":[{"embeddable":true,"href":"https:\/\/studiomarideus.com\/pagina-inicial\/wp-json\/wp\/v2\/comments?post=852"}],"version-history":[{"count":14,"href":"https:\/\/studiomarideus.com\/pagina-inicial\/wp-json\/wp\/v2\/pages\/852\/revisions"}],"predecessor-version":[{"id":1266,"href":"https:\/\/studiomarideus.com\/pagina-inicial\/wp-json\/wp\/v2\/pages\/852\/revisions\/1266"}],"wp:attachment":[{"href":"https:\/\/studiomarideus.com\/pagina-inicial\/wp-json\/wp\/v2\/media?parent=852"}],"curies":[{"name":"wp","href":"https:\/\/api.w.org\/{rel}","templated":true}]}}