{"id":898,"date":"2024-01-10T19:25:54","date_gmt":"2024-01-10T22:25:54","guid":{"rendered":"https:\/\/studiomarideus.com\/pagina-inicial\/?page_id=898"},"modified":"2024-10-25T08:32:54","modified_gmt":"2024-10-25T11:32:54","slug":"florais-2","status":"publish","type":"page","link":"https:\/\/studiomarideus.com\/pagina-inicial\/florais-2\/","title":{"rendered":"Florais"},"content":{"rendered":"\t\t<div data-elementor-type=\"wp-page\" data-elementor-id=\"898\" class=\"elementor elementor-898\">\n\t\t\t\t\t\t\t<div class=\"elementor-element elementor-element-5eaaaa9 e-flex e-con-boxed wpr-particle-no wpr-jarallax-no wpr-parallax-no wpr-sticky-section-no e-con e-parent\" data-id=\"5eaaaa9\" data-element_type=\"container\" data-settings=\"{&quot;content_width&quot;:&quot;boxed&quot;}\" data-core-v316-plus=\"true\">\n\t\t\t\t\t<div class=\"e-con-inner\">\n\t\t\t\t<div class=\"elementor-element elementor-element-6111e68 elementor-widget elementor-widget-spacer\" data-id=\"6111e68\" data-element_type=\"widget\" data-widget_type=\"spacer.default\">\n\t\t\t\t<div class=\"elementor-widget-container\">\n\t\t\t<style>\/*! elementor - v3.18.0 - 20-12-2023 *\/\n.elementor-column .elementor-spacer-inner{height:var(--spacer-size)}.e-con{--container-widget-width:100%}.e-con-inner>.elementor-widget-spacer,.e-con>.elementor-widget-spacer{width:var(--container-widget-width,var(--spacer-size));--align-self:var(--container-widget-align-self,initial);--flex-shrink:0}.e-con-inner>.elementor-widget-spacer>.elementor-widget-container,.e-con>.elementor-widget-spacer>.elementor-widget-container{height:100%;width:100%}.e-con-inner>.elementor-widget-spacer>.elementor-widget-container>.elementor-spacer,.e-con>.elementor-widget-spacer>.elementor-widget-container>.elementor-spacer{height:100%}.e-con-inner>.elementor-widget-spacer>.elementor-widget-container>.elementor-spacer>.elementor-spacer-inner,.e-con>.elementor-widget-spacer>.elementor-widget-container>.elementor-spacer>.elementor-spacer-inner{height:var(--container-widget-height,var(--spacer-size))}.e-con-inner>.elementor-widget-spacer.elementor-widget-empty,.e-con>.elementor-widget-spacer.elementor-widget-empty{position:relative;min-height:22px;min-width:22px}.e-con-inner>.elementor-widget-spacer.elementor-widget-empty .elementor-widget-empty-icon,.e-con>.elementor-widget-spacer.elementor-widget-empty .elementor-widget-empty-icon{position:absolute;top:0;bottom:0;left:0;right:0;margin:auto;padding:0;width:22px;height:22px}<\/style>\t\t<div class=\"elementor-spacer\">\n\t\t\t<div class=\"elementor-spacer-inner\"><\/div>\n\t\t<\/div>\n\t\t\t\t<\/div>\n\t\t\t\t<\/div>\n\t\t\t\t<div class=\"elementor-element elementor-element-9b6be94 elementor-widget elementor-widget-heading\" data-id=\"9b6be94\" data-element_type=\"widget\" data-widget_type=\"heading.default\">\n\t\t\t\t<div class=\"elementor-widget-container\">\n\t\t\t<style>\/*! elementor - v3.18.0 - 20-12-2023 *\/\n.elementor-heading-title{padding:0;margin:0;line-height:1}.elementor-widget-heading .elementor-heading-title[class*=elementor-size-]>a{color:inherit;font-size:inherit;line-height:inherit}.elementor-widget-heading .elementor-heading-title.elementor-size-small{font-size:15px}.elementor-widget-heading .elementor-heading-title.elementor-size-medium{font-size:19px}.elementor-widget-heading .elementor-heading-title.elementor-size-large{font-size:29px}.elementor-widget-heading .elementor-heading-title.elementor-size-xl{font-size:39px}.elementor-widget-heading .elementor-heading-title.elementor-size-xxl{font-size:59px}<\/style><h2 class=\"elementor-heading-title elementor-size-default\">FLORAIS \u2013 PAPELARIA PERSONALIZADA\n<\/h2>\t\t<\/div>\n\t\t\t\t<\/div>\n\t\t\t\t<div class=\"elementor-element elementor-element-2e3dc5b elementor-widget elementor-widget-text-editor\" data-id=\"2e3dc5b\" data-element_type=\"widget\" data-widget_type=\"text-editor.default\">\n\t\t\t\t<div class=\"elementor-widget-container\">\n\t\t\t<style>\/*! elementor - v3.18.0 - 20-12-2023 *\/\n.elementor-widget-text-editor.elementor-drop-cap-view-stacked .elementor-drop-cap{background-color:#69727d;color:#fff}.elementor-widget-text-editor.elementor-drop-cap-view-framed .elementor-drop-cap{color:#69727d;border:3px solid;background-color:transparent}.elementor-widget-text-editor:not(.elementor-drop-cap-view-default) .elementor-drop-cap{margin-top:8px}.elementor-widget-text-editor:not(.elementor-drop-cap-view-default) .elementor-drop-cap-letter{width:1em;height:1em}.elementor-widget-text-editor .elementor-drop-cap{float:left;text-align:center;line-height:1;font-size:50px}.elementor-widget-text-editor .elementor-drop-cap-letter{display:inline-block}<\/style>\t\t\t\t<p><span style=\"font-weight: 400;\">Nada como ter uma lembran\u00e7a \u00fanica e especial do seu casamento ou evento. E \u00e9 exatamente isso que oferecemos com nossas aquarelas e ilustra\u00e7\u00f5es personalizadas.\u00a0<\/span><\/p><p><span style=\"font-weight: 400;\">Com um toque de criatividade e delicadeza, criamos pe\u00e7as \u00fanicas que capturam a ess\u00eancia e a beleza do seu momento especial.<\/span><\/p><p><span style=\"font-weight: 400;\">As aquarelas e ilustra\u00e7\u00f5es, assinadas por Mari Deus, podem ser utilizadas de diversas maneiras, desde convites e menus personalizados at\u00e9 quadros decorativos para sua casa.\u00a0<\/span><\/p><p><span style=\"font-weight: 400;\">Cada pe\u00e7a \u00e9 desenvolvida com cuidado e aten\u00e7\u00e3o aos detalhes, para que voc\u00ea tenha um produto final que seja realmente excepcional.<\/span><\/p><p><span style=\"font-weight: 400;\">Trabalhamos em estreita colabora\u00e7\u00e3o com voc\u00ea para entender suas necessidades e desejos, para que possamos criar algo que seja verdadeiramente \u00fanico e especial.<\/span><\/p><p><span style=\"font-weight: 400;\">Todas as artes s\u00e3o digitalizadas e entregues em alta resolu\u00e7\u00e3o no formato ideal para que sejam aplicados na papelaria. A arte original \u00e9 entregue aos noivos.<\/span><\/p><p><span style=\"font-weight: 400;\">Confira abaixo um pouco mais do nosso trabalho e entre em contato conosco para saber mais sobre como podemos ajuda-lo (a) a criar uma lembran\u00e7a inesquec\u00edvel do seu casamento ou evento.<\/span><\/p>\t\t\t\t\t\t<\/div>\n\t\t\t\t<\/div>\n\t\t\t\t<div class=\"elementor-element elementor-element-fa6fb70 elementor-align-center elementor-widget elementor-widget-button\" data-id=\"fa6fb70\" data-element_type=\"widget\" data-widget_type=\"button.default\">\n\t\t\t\t<div class=\"elementor-widget-container\">\n\t\t\t\t\t<div class=\"elementor-button-wrapper\">\n\t\t\t<a class=\"elementor-button elementor-button-link elementor-size-sm\" href=\"https:\/\/studiomarideus.com\/pagina-inicial\/contato\/\">\n\t\t\t\t\t\t<span class=\"elementor-button-content-wrapper\">\n\t\t\t\t\t\t<span class=\"elementor-button-text\">SOLICITE UM OR\u00c7AMENTO<\/span>\n\t\t<\/span>\n\t\t\t\t\t<\/a>\n\t\t<\/div>\n\t\t\t\t<\/div>\n\t\t\t\t<\/div>\n\t\t\t\t\t<\/div>\n\t\t\t\t<\/div>\n\t\t<div class=\"elementor-element elementor-element-45fa9c6 e-flex e-con-boxed wpr-particle-no wpr-jarallax-no wpr-parallax-no wpr-sticky-section-no e-con e-parent\" data-id=\"45fa9c6\" data-element_type=\"container\" data-settings=\"{&quot;content_width&quot;:&quot;boxed&quot;}\" data-core-v316-plus=\"true\">\n\t\t\t\t\t<div class=\"e-con-inner\">\n\t\t<div class=\"elementor-element elementor-element-6da6d32 e-con-full e-flex wpr-particle-no wpr-jarallax-no wpr-parallax-no wpr-sticky-section-no e-con e-child\" data-id=\"6da6d32\" data-element_type=\"container\" data-settings=\"{&quot;content_width&quot;:&quot;full&quot;}\">\n\t\t\t\t<div class=\"elementor-element elementor-element-c89c0c1 elementor-widget elementor-widget-image\" data-id=\"c89c0c1\" data-element_type=\"widget\" data-widget_type=\"image.default\">\n\t\t\t\t<div class=\"elementor-widget-container\">\n\t\t\t<style>\/*! elementor - v3.18.0 - 20-12-2023 *\/\n.elementor-widget-image{text-align:center}.elementor-widget-image a{display:inline-block}.elementor-widget-image a img[src$=\".svg\"]{width:48px}.elementor-widget-image img{vertical-align:middle;display:inline-block}<\/style>\t\t\t\t\t\t\t\t\t\t\t\t\t<a href=\"https:\/\/studiomarideus.com\/pagina-inicial\/flores-tropicais\/\">\n\t\t\t\t\t\t\t<img fetchpriority=\"high\" decoding=\"async\" width=\"960\" height=\"960\" src=\"https:\/\/studiomarideus.com\/wp-content\/uploads\/2024\/10\/Prancheta-7-1024x1024.png\" class=\"attachment-large size-large wp-image-1361\" alt=\"\" srcset=\"https:\/\/studiomarideus.com\/wp-content\/uploads\/2024\/10\/Prancheta-7-1024x1024.png 1024w, https:\/\/studiomarideus.com\/wp-content\/uploads\/2024\/10\/Prancheta-7-300x300.png 300w, https:\/\/studiomarideus.com\/wp-content\/uploads\/2024\/10\/Prancheta-7-150x150.png 150w, https:\/\/studiomarideus.com\/wp-content\/uploads\/2024\/10\/Prancheta-7-768x768.png 768w, https:\/\/studiomarideus.com\/wp-content\/uploads\/2024\/10\/Prancheta-7.png 1080w\" sizes=\"(max-width: 960px) 100vw, 960px\" \/>\t\t\t\t\t\t\t\t<\/a>\n\t\t\t\t\t\t\t\t\t\t\t\t\t\t\t<\/div>\n\t\t\t\t<\/div>\n\t\t\t\t<\/div>\n\t\t<div class=\"elementor-element elementor-element-45477ac e-con-full e-flex wpr-particle-no wpr-jarallax-no wpr-parallax-no wpr-sticky-section-no e-con e-child\" data-id=\"45477ac\" data-element_type=\"container\" data-settings=\"{&quot;content_width&quot;:&quot;full&quot;}\">\n\t\t\t\t<div class=\"elementor-element elementor-element-9475ce1 elementor-widget elementor-widget-image\" data-id=\"9475ce1\" data-element_type=\"widget\" data-widget_type=\"image.default\">\n\t\t\t\t<div class=\"elementor-widget-container\">\n\t\t\t\t\t\t\t\t\t\t\t\t\t\t\t\t<a href=\"https:\/\/studiomarideus.com\/pagina-inicial\/flor-de-papel\/\">\n\t\t\t\t\t\t\t<img decoding=\"async\" width=\"960\" height=\"960\" src=\"https:\/\/studiomarideus.com\/wp-content\/uploads\/2024\/01\/Mockup-convite-primavera-1-e1706653892682-1024x1024.png\" class=\"attachment-large size-large wp-image-1193\" alt=\"\" srcset=\"https:\/\/studiomarideus.com\/wp-content\/uploads\/2024\/01\/Mockup-convite-primavera-1-e1706653892682-1024x1024.png 1024w, https:\/\/studiomarideus.com\/wp-content\/uploads\/2024\/01\/Mockup-convite-primavera-1-e1706653892682-300x300.png 300w, https:\/\/studiomarideus.com\/wp-content\/uploads\/2024\/01\/Mockup-convite-primavera-1-e1706653892682-150x150.png 150w, https:\/\/studiomarideus.com\/wp-content\/uploads\/2024\/01\/Mockup-convite-primavera-1-e1706653892682-768x768.png 768w, https:\/\/studiomarideus.com\/wp-content\/uploads\/2024\/01\/Mockup-convite-primavera-1-e1706653892682-1536x1536.png 1536w, https:\/\/studiomarideus.com\/wp-content\/uploads\/2024\/01\/Mockup-convite-primavera-1-e1706653892682-2048x2048.png 2048w\" sizes=\"(max-width: 960px) 100vw, 960px\" \/>\t\t\t\t\t\t\t\t<\/a>\n\t\t\t\t\t\t\t\t\t\t\t\t\t\t\t<\/div>\n\t\t\t\t<\/div>\n\t\t\t\t<\/div>\n\t\t\t\t\t<\/div>\n\t\t\t\t<\/div>\n\t\t<div class=\"elementor-element elementor-element-f01951d e-flex e-con-boxed wpr-particle-no wpr-jarallax-no wpr-parallax-no wpr-sticky-section-no e-con e-parent\" data-id=\"f01951d\" data-element_type=\"container\" data-settings=\"{&quot;content_width&quot;:&quot;boxed&quot;}\" data-core-v316-plus=\"true\">\n\t\t\t\t\t<div class=\"e-con-inner\">\n\t\t<div class=\"elementor-element elementor-element-a724775 e-con-full e-flex wpr-particle-no wpr-jarallax-no wpr-parallax-no wpr-sticky-section-no e-con e-child\" data-id=\"a724775\" data-element_type=\"container\" data-settings=\"{&quot;content_width&quot;:&quot;full&quot;}\">\n\t\t\t\t<div class=\"elementor-element elementor-element-c17906d elementor-widget elementor-widget-image\" data-id=\"c17906d\" data-element_type=\"widget\" data-widget_type=\"image.default\">\n\t\t\t\t<div class=\"elementor-widget-container\">\n\t\t\t\t\t\t\t\t\t\t\t\t\t\t\t\t<a href=\"https:\/\/studiomarideus.com\/pagina-inicial\/flor-de-algodao\/\">\n\t\t\t\t\t\t\t<img decoding=\"async\" width=\"960\" height=\"960\" src=\"https:\/\/studiomarideus.com\/wp-content\/uploads\/2024\/01\/Mockup-convite-flor-de-algodao-2-e1706654038730-1024x1024.png\" class=\"attachment-large size-large wp-image-1194\" alt=\"\" srcset=\"https:\/\/studiomarideus.com\/wp-content\/uploads\/2024\/01\/Mockup-convite-flor-de-algodao-2-e1706654038730-1024x1024.png 1024w, https:\/\/studiomarideus.com\/wp-content\/uploads\/2024\/01\/Mockup-convite-flor-de-algodao-2-e1706654038730-300x300.png 300w, https:\/\/studiomarideus.com\/wp-content\/uploads\/2024\/01\/Mockup-convite-flor-de-algodao-2-e1706654038730-150x150.png 150w, https:\/\/studiomarideus.com\/wp-content\/uploads\/2024\/01\/Mockup-convite-flor-de-algodao-2-e1706654038730-768x768.png 768w, https:\/\/studiomarideus.com\/wp-content\/uploads\/2024\/01\/Mockup-convite-flor-de-algodao-2-e1706654038730-1536x1536.png 1536w, https:\/\/studiomarideus.com\/wp-content\/uploads\/2024\/01\/Mockup-convite-flor-de-algodao-2-e1706654038730-2048x2048.png 2048w\" sizes=\"(max-width: 960px) 100vw, 960px\" \/>\t\t\t\t\t\t\t\t<\/a>\n\t\t\t\t\t\t\t\t\t\t\t\t\t\t\t<\/div>\n\t\t\t\t<\/div>\n\t\t\t\t<\/div>\n\t\t<div class=\"elementor-element elementor-element-6316a5c e-con-full e-flex wpr-particle-no wpr-jarallax-no wpr-parallax-no wpr-sticky-section-no e-con e-child\" data-id=\"6316a5c\" data-element_type=\"container\" data-settings=\"{&quot;content_width&quot;:&quot;full&quot;}\">\n\t\t\t\t<div class=\"elementor-element elementor-element-eb2cabc elementor-widget elementor-widget-image\" data-id=\"eb2cabc\" data-element_type=\"widget\" data-widget_type=\"image.default\">\n\t\t\t\t<div class=\"elementor-widget-container\">\n\t\t\t\t\t\t\t\t\t\t\t\t\t\t\t\t<a href=\"https:\/\/studiomarideus.com\/pagina-inicial\/lirios-e-astromelias\/\">\n\t\t\t\t\t\t\t<img loading=\"lazy\" decoding=\"async\" width=\"960\" height=\"960\" src=\"https:\/\/studiomarideus.com\/wp-content\/uploads\/2024\/01\/2-30_10-17_45H-1-e1706654152295-1024x1024.png\" class=\"attachment-large size-large wp-image-1196\" alt=\"\" srcset=\"https:\/\/studiomarideus.com\/wp-content\/uploads\/2024\/01\/2-30_10-17_45H-1-e1706654152295-1024x1024.png 1024w, https:\/\/studiomarideus.com\/wp-content\/uploads\/2024\/01\/2-30_10-17_45H-1-e1706654152295-300x300.png 300w, https:\/\/studiomarideus.com\/wp-content\/uploads\/2024\/01\/2-30_10-17_45H-1-e1706654152295-150x150.png 150w, https:\/\/studiomarideus.com\/wp-content\/uploads\/2024\/01\/2-30_10-17_45H-1-e1706654152295-768x768.png 768w, https:\/\/studiomarideus.com\/wp-content\/uploads\/2024\/01\/2-30_10-17_45H-1-e1706654152295.png 1080w\" sizes=\"(max-width: 960px) 100vw, 960px\" \/>\t\t\t\t\t\t\t\t<\/a>\n\t\t\t\t\t\t\t\t\t\t\t\t\t\t\t<\/div>\n\t\t\t\t<\/div>\n\t\t\t\t<\/div>\n\t\t\t\t\t<\/div>\n\t\t\t\t<\/div>\n\t\t<div class=\"elementor-element elementor-element-f5663a1 e-flex e-con-boxed wpr-particle-no wpr-jarallax-no wpr-parallax-no wpr-sticky-section-no e-con e-parent\" data-id=\"f5663a1\" data-element_type=\"container\" data-settings=\"{&quot;content_width&quot;:&quot;boxed&quot;}\" data-core-v316-plus=\"true\">\n\t\t\t\t\t<div class=\"e-con-inner\">\n\t\t<div class=\"elementor-element elementor-element-acc63fc e-con-full e-flex wpr-particle-no wpr-jarallax-no wpr-parallax-no wpr-sticky-section-no e-con e-child\" data-id=\"acc63fc\" data-element_type=\"container\" data-settings=\"{&quot;content_width&quot;:&quot;full&quot;}\">\n\t\t\t\t<div class=\"elementor-element elementor-element-4bb7446 elementor-widget elementor-widget-image\" data-id=\"4bb7446\" data-element_type=\"widget\" data-widget_type=\"image.default\">\n\t\t\t\t<div class=\"elementor-widget-container\">\n\t\t\t\t\t\t\t\t\t\t\t\t\t\t\t\t<a href=\"https:\/\/studiomarideus.com\/pagina-inicial\/monograma-martina\/\">\n\t\t\t\t\t\t\t<img decoding=\"async\" src=\"https:\/\/studiomarideus.com\/wp-content\/uploads\/2024\/01\/Mockup-Martina-e1704926996717.png\" title=\"Mockup-Martina\" alt=\"Mockup-Martina\" loading=\"lazy\" \/>\t\t\t\t\t\t\t\t<\/a>\n\t\t\t\t\t\t\t\t\t\t\t\t\t\t\t<\/div>\n\t\t\t\t<\/div>\n\t\t\t\t<\/div>\n\t\t<div class=\"elementor-element elementor-element-6a90231 e-con-full e-flex wpr-particle-no wpr-jarallax-no wpr-parallax-no wpr-sticky-section-no e-con e-child\" data-id=\"6a90231\" data-element_type=\"container\" data-settings=\"{&quot;content_width&quot;:&quot;full&quot;}\">\n\t\t\t\t<div class=\"elementor-element elementor-element-4c6cdac elementor-widget elementor-widget-image\" data-id=\"4c6cdac\" data-element_type=\"widget\" data-widget_type=\"image.default\">\n\t\t\t\t<div class=\"elementor-widget-container\">\n\t\t\t\t\t\t\t\t\t\t\t\t\t\t\t\t<a href=\"https:\/\/studiomarideus.com\/pagina-inicial\/hortensias-e-peonias\/\">\n\t\t\t\t\t\t\t<img loading=\"lazy\" decoding=\"async\" width=\"960\" height=\"960\" src=\"https:\/\/studiomarideus.com\/wp-content\/uploads\/2024\/01\/Peonia-convite-15-anos-1-e1706654254815-1024x1024.png\" class=\"attachment-large size-large wp-image-1197\" alt=\"\" srcset=\"https:\/\/studiomarideus.com\/wp-content\/uploads\/2024\/01\/Peonia-convite-15-anos-1-e1706654254815-1024x1024.png 1024w, https:\/\/studiomarideus.com\/wp-content\/uploads\/2024\/01\/Peonia-convite-15-anos-1-e1706654254815-300x300.png 300w, https:\/\/studiomarideus.com\/wp-content\/uploads\/2024\/01\/Peonia-convite-15-anos-1-e1706654254815-150x150.png 150w, https:\/\/studiomarideus.com\/wp-content\/uploads\/2024\/01\/Peonia-convite-15-anos-1-e1706654254815-768x768.png 768w, https:\/\/studiomarideus.com\/wp-content\/uploads\/2024\/01\/Peonia-convite-15-anos-1-e1706654254815.png 1080w\" sizes=\"(max-width: 960px) 100vw, 960px\" \/>\t\t\t\t\t\t\t\t<\/a>\n\t\t\t\t\t\t\t\t\t\t\t\t\t\t\t<\/div>\n\t\t\t\t<\/div>\n\t\t\t\t<\/div>\n\t\t\t\t\t<\/div>\n\t\t\t\t<\/div>\n\t\t\t\t\t\t\t<\/div>\n\t\t","protected":false},"excerpt":{"rendered":"<p>FLORAIS \u2013 PAPELARIA PERSONALIZADA Nada como ter uma lembran\u00e7a \u00fanica e especial do seu casamento ou evento. E \u00e9 exatamente isso que oferecemos com nossas aquarelas e ilustra\u00e7\u00f5es personalizadas.\u00a0 Com um toque de criatividade e delicadeza, criamos pe\u00e7as \u00fanicas que capturam a ess\u00eancia e a beleza do seu momento especial. As aquarelas e ilustra\u00e7\u00f5es, assinadas [&hellip;]<\/p>\n","protected":false},"author":1,"featured_media":0,"parent":0,"menu_order":0,"comment_status":"closed","ping_status":"closed","template":"elementor_canvas","meta":{"footnotes":""},"_links":{"self":[{"href":"https:\/\/studiomarideus.com\/pagina-inicial\/wp-json\/wp\/v2\/pages\/898"}],"collection":[{"href":"https:\/\/studiomarideus.com\/pagina-inicial\/wp-json\/wp\/v2\/pages"}],"about":[{"href":"https:\/\/studiomarideus.com\/pagina-inicial\/wp-json\/wp\/v2\/types\/page"}],"author":[{"embeddable":true,"href":"https:\/\/studiomarideus.com\/pagina-inicial\/wp-json\/wp\/v2\/users\/1"}],"replies":[{"embeddable":true,"href":"https:\/\/studiomarideus.com\/pagina-inicial\/wp-json\/wp\/v2\/comments?post=898"}],"version-history":[{"count":37,"href":"https:\/\/studiomarideus.com\/pagina-inicial\/wp-json\/wp\/v2\/pages\/898\/revisions"}],"predecessor-version":[{"id":1454,"href":"https:\/\/studiomarideus.com\/pagina-inicial\/wp-json\/wp\/v2\/pages\/898\/revisions\/1454"}],"wp:attachment":[{"href":"https:\/\/studiomarideus.com\/pagina-inicial\/wp-json\/wp\/v2\/media?parent=898"}],"curies":[{"name":"wp","href":"https:\/\/api.w.org\/{rel}","templated":true}]}}