{"id":937,"date":"2024-01-10T20:01:29","date_gmt":"2024-01-10T23:01:29","guid":{"rendered":"https:\/\/studiomarideus.com\/pagina-inicial\/?page_id=937"},"modified":"2024-01-30T19:51:12","modified_gmt":"2024-01-30T22:51:12","slug":"lirios-e-astromelias","status":"publish","type":"page","link":"https:\/\/studiomarideus.com\/pagina-inicial\/lirios-e-astromelias\/","title":{"rendered":"L\u00edrios e astrom\u00e9lias"},"content":{"rendered":"\t\t<div data-elementor-type=\"wp-page\" data-elementor-id=\"937\" class=\"elementor elementor-937\">\n\t\t\t\t\t\t\t<div class=\"elementor-element elementor-element-e3f0859 e-flex e-con-boxed wpr-particle-no wpr-jarallax-no wpr-parallax-no wpr-sticky-section-no e-con e-parent\" data-id=\"e3f0859\" data-element_type=\"container\" data-settings=\"{&quot;content_width&quot;:&quot;boxed&quot;}\" data-core-v316-plus=\"true\">\n\t\t\t\t\t<div class=\"e-con-inner\">\n\t\t\t\t<div class=\"elementor-element elementor-element-85b055e elementor-widget elementor-widget-spacer\" data-id=\"85b055e\" data-element_type=\"widget\" data-widget_type=\"spacer.default\">\n\t\t\t\t<div class=\"elementor-widget-container\">\n\t\t\t<style>\/*! elementor - v3.18.0 - 20-12-2023 *\/\n.elementor-column .elementor-spacer-inner{height:var(--spacer-size)}.e-con{--container-widget-width:100%}.e-con-inner>.elementor-widget-spacer,.e-con>.elementor-widget-spacer{width:var(--container-widget-width,var(--spacer-size));--align-self:var(--container-widget-align-self,initial);--flex-shrink:0}.e-con-inner>.elementor-widget-spacer>.elementor-widget-container,.e-con>.elementor-widget-spacer>.elementor-widget-container{height:100%;width:100%}.e-con-inner>.elementor-widget-spacer>.elementor-widget-container>.elementor-spacer,.e-con>.elementor-widget-spacer>.elementor-widget-container>.elementor-spacer{height:100%}.e-con-inner>.elementor-widget-spacer>.elementor-widget-container>.elementor-spacer>.elementor-spacer-inner,.e-con>.elementor-widget-spacer>.elementor-widget-container>.elementor-spacer>.elementor-spacer-inner{height:var(--container-widget-height,var(--spacer-size))}.e-con-inner>.elementor-widget-spacer.elementor-widget-empty,.e-con>.elementor-widget-spacer.elementor-widget-empty{position:relative;min-height:22px;min-width:22px}.e-con-inner>.elementor-widget-spacer.elementor-widget-empty .elementor-widget-empty-icon,.e-con>.elementor-widget-spacer.elementor-widget-empty .elementor-widget-empty-icon{position:absolute;top:0;bottom:0;left:0;right:0;margin:auto;padding:0;width:22px;height:22px}<\/style>\t\t<div class=\"elementor-spacer\">\n\t\t\t<div class=\"elementor-spacer-inner\"><\/div>\n\t\t<\/div>\n\t\t\t\t<\/div>\n\t\t\t\t<\/div>\n\t\t\t\t<div class=\"elementor-element elementor-element-06293a7 elementor-widget elementor-widget-heading\" data-id=\"06293a7\" data-element_type=\"widget\" data-widget_type=\"heading.default\">\n\t\t\t\t<div class=\"elementor-widget-container\">\n\t\t\t<style>\/*! elementor - v3.18.0 - 20-12-2023 *\/\n.elementor-heading-title{padding:0;margin:0;line-height:1}.elementor-widget-heading .elementor-heading-title[class*=elementor-size-]>a{color:inherit;font-size:inherit;line-height:inherit}.elementor-widget-heading .elementor-heading-title.elementor-size-small{font-size:15px}.elementor-widget-heading .elementor-heading-title.elementor-size-medium{font-size:19px}.elementor-widget-heading .elementor-heading-title.elementor-size-large{font-size:29px}.elementor-widget-heading .elementor-heading-title.elementor-size-xl{font-size:39px}.elementor-widget-heading .elementor-heading-title.elementor-size-xxl{font-size:59px}<\/style><h2 class=\"elementor-heading-title elementor-size-default\">L\u00edrios e astrom\u00e9lias<\/h2>\t\t<\/div>\n\t\t\t\t<\/div>\n\t\t\t\t<div class=\"elementor-element elementor-element-9b68378 elementor-widget elementor-widget-text-editor\" data-id=\"9b68378\" data-element_type=\"widget\" data-widget_type=\"text-editor.default\">\n\t\t\t\t<div class=\"elementor-widget-container\">\n\t\t\t<style>\/*! elementor - v3.18.0 - 20-12-2023 *\/\n.elementor-widget-text-editor.elementor-drop-cap-view-stacked .elementor-drop-cap{background-color:#69727d;color:#fff}.elementor-widget-text-editor.elementor-drop-cap-view-framed .elementor-drop-cap{color:#69727d;border:3px solid;background-color:transparent}.elementor-widget-text-editor:not(.elementor-drop-cap-view-default) .elementor-drop-cap{margin-top:8px}.elementor-widget-text-editor:not(.elementor-drop-cap-view-default) .elementor-drop-cap-letter{width:1em;height:1em}.elementor-widget-text-editor .elementor-drop-cap{float:left;text-align:center;line-height:1;font-size:50px}.elementor-widget-text-editor .elementor-drop-cap-letter{display:inline-block}<\/style>\t\t\t\t<p>Desenvolvemos ilustra\u00e7\u00f5es personalizadas para compor a identidade visual de seu casamento ou evento. As artes s\u00e3o entregues em formato digital prontas para serem aplicadas na papelaria e demais itens.<\/p><p>A arte a seguir foi desenvolvida em parceria com Jo\u00e3o Cvlh, designer de marcas, especialista em identidade visual.<\/p><p>Os layouts abaixo s\u00e3o sugest\u00f5es de montagem. Imagens ilustrativas.<\/p><p>Quer personalizar seu evento? Entre em contato conosco!<\/p><p>Ser\u00e1 um prazer esclarecer suas d\u00favidas!<\/p>\t\t\t\t\t\t<\/div>\n\t\t\t\t<\/div>\n\t\t\t\t<div class=\"elementor-element elementor-element-9d1744d elementor-widget elementor-widget-image\" data-id=\"9d1744d\" data-element_type=\"widget\" data-widget_type=\"image.default\">\n\t\t\t\t<div class=\"elementor-widget-container\">\n\t\t\t<style>\/*! elementor - v3.18.0 - 20-12-2023 *\/\n.elementor-widget-image{text-align:center}.elementor-widget-image a{display:inline-block}.elementor-widget-image a img[src$=\".svg\"]{width:48px}.elementor-widget-image img{vertical-align:middle;display:inline-block}<\/style>\t\t\t\t\t\t\t\t\t\t\t\t<img fetchpriority=\"high\" decoding=\"async\" width=\"1080\" height=\"1350\" src=\"https:\/\/studiomarideus.com\/wp-content\/uploads\/2024\/01\/2-30_10-17_45H-2.png\" class=\"attachment-full size-full wp-image-1228\" alt=\"\" srcset=\"https:\/\/studiomarideus.com\/wp-content\/uploads\/2024\/01\/2-30_10-17_45H-2.png 1080w, https:\/\/studiomarideus.com\/wp-content\/uploads\/2024\/01\/2-30_10-17_45H-2-240x300.png 240w, https:\/\/studiomarideus.com\/wp-content\/uploads\/2024\/01\/2-30_10-17_45H-2-819x1024.png 819w, https:\/\/studiomarideus.com\/wp-content\/uploads\/2024\/01\/2-30_10-17_45H-2-768x960.png 768w\" sizes=\"(max-width: 1080px) 100vw, 1080px\" \/>\t\t\t\t\t\t\t\t\t\t\t\t\t\t\t<\/div>\n\t\t\t\t<\/div>\n\t\t\t\t<div class=\"elementor-element elementor-element-621fe22 elementor-widget elementor-widget-image\" data-id=\"621fe22\" data-element_type=\"widget\" data-widget_type=\"image.default\">\n\t\t\t\t<div class=\"elementor-widget-container\">\n\t\t\t\t\t\t\t\t\t\t\t\t\t\t\t<img decoding=\"async\" width=\"1240\" height=\"1748\" src=\"https:\/\/studiomarideus.com\/wp-content\/uploads\/2024\/01\/Convite-casamento-wedding-floral4-1.png\" class=\"attachment-full size-full wp-image-1229\" alt=\"\" srcset=\"https:\/\/studiomarideus.com\/wp-content\/uploads\/2024\/01\/Convite-casamento-wedding-floral4-1.png 1240w, https:\/\/studiomarideus.com\/wp-content\/uploads\/2024\/01\/Convite-casamento-wedding-floral4-1-213x300.png 213w, https:\/\/studiomarideus.com\/wp-content\/uploads\/2024\/01\/Convite-casamento-wedding-floral4-1-726x1024.png 726w, https:\/\/studiomarideus.com\/wp-content\/uploads\/2024\/01\/Convite-casamento-wedding-floral4-1-768x1083.png 768w, https:\/\/studiomarideus.com\/wp-content\/uploads\/2024\/01\/Convite-casamento-wedding-floral4-1-1090x1536.png 1090w\" sizes=\"(max-width: 1240px) 100vw, 1240px\" \/>\t\t\t\t\t\t\t\t\t\t\t\t\t\t\t<\/div>\n\t\t\t\t<\/div>\n\t\t\t\t<div class=\"elementor-element elementor-element-f4f8276 elementor-widget elementor-widget-image\" data-id=\"f4f8276\" data-element_type=\"widget\" data-widget_type=\"image.default\">\n\t\t\t\t<div class=\"elementor-widget-container\">\n\t\t\t\t\t\t\t\t\t\t\t\t\t\t\t<img decoding=\"async\" width=\"4000\" height=\"5274\" src=\"https:\/\/studiomarideus.com\/wp-content\/uploads\/2024\/01\/Mockup-cardapio-lirio-1.png\" class=\"attachment-full size-full wp-image-1230\" alt=\"\" srcset=\"https:\/\/studiomarideus.com\/wp-content\/uploads\/2024\/01\/Mockup-cardapio-lirio-1.png 4000w, https:\/\/studiomarideus.com\/wp-content\/uploads\/2024\/01\/Mockup-cardapio-lirio-1-228x300.png 228w, https:\/\/studiomarideus.com\/wp-content\/uploads\/2024\/01\/Mockup-cardapio-lirio-1-777x1024.png 777w, https:\/\/studiomarideus.com\/wp-content\/uploads\/2024\/01\/Mockup-cardapio-lirio-1-768x1013.png 768w, https:\/\/studiomarideus.com\/wp-content\/uploads\/2024\/01\/Mockup-cardapio-lirio-1-1165x1536.png 1165w, https:\/\/studiomarideus.com\/wp-content\/uploads\/2024\/01\/Mockup-cardapio-lirio-1-1553x2048.png 1553w\" sizes=\"(max-width: 4000px) 100vw, 4000px\" \/>\t\t\t\t\t\t\t\t\t\t\t\t\t\t\t<\/div>\n\t\t\t\t<\/div>\n\t\t\t\t<div class=\"elementor-element elementor-element-e96556c elementor-widget elementor-widget-image\" data-id=\"e96556c\" data-element_type=\"widget\" data-widget_type=\"image.default\">\n\t\t\t\t<div class=\"elementor-widget-container\">\n\t\t\t\t\t\t\t\t\t\t\t\t\t\t\t<img loading=\"lazy\" decoding=\"async\" width=\"1080\" height=\"1350\" src=\"https:\/\/studiomarideus.com\/wp-content\/uploads\/2024\/01\/Prancha-de-pintura-lirios-e-astromelias-2.png\" class=\"attachment-full size-full wp-image-1231\" alt=\"\" srcset=\"https:\/\/studiomarideus.com\/wp-content\/uploads\/2024\/01\/Prancha-de-pintura-lirios-e-astromelias-2.png 1080w, https:\/\/studiomarideus.com\/wp-content\/uploads\/2024\/01\/Prancha-de-pintura-lirios-e-astromelias-2-240x300.png 240w, https:\/\/studiomarideus.com\/wp-content\/uploads\/2024\/01\/Prancha-de-pintura-lirios-e-astromelias-2-819x1024.png 819w, https:\/\/studiomarideus.com\/wp-content\/uploads\/2024\/01\/Prancha-de-pintura-lirios-e-astromelias-2-768x960.png 768w\" sizes=\"(max-width: 1080px) 100vw, 1080px\" \/>\t\t\t\t\t\t\t\t\t\t\t\t\t\t\t<\/div>\n\t\t\t\t<\/div>\n\t\t\t\t\t<\/div>\n\t\t\t\t<\/div>\n\t\t\t\t\t\t\t<\/div>\n\t\t","protected":false},"excerpt":{"rendered":"<p>L\u00edrios e astrom\u00e9lias Desenvolvemos ilustra\u00e7\u00f5es personalizadas para compor a identidade visual de seu casamento ou evento. As artes s\u00e3o entregues em formato digital prontas para serem aplicadas na papelaria e demais itens. A arte a seguir foi desenvolvida em parceria com Jo\u00e3o Cvlh, designer de marcas, especialista em identidade visual. Os layouts abaixo s\u00e3o sugest\u00f5es [&hellip;]<\/p>\n","protected":false},"author":1,"featured_media":0,"parent":0,"menu_order":0,"comment_status":"closed","ping_status":"closed","template":"elementor_canvas","meta":{"footnotes":""},"_links":{"self":[{"href":"https:\/\/studiomarideus.com\/pagina-inicial\/wp-json\/wp\/v2\/pages\/937"}],"collection":[{"href":"https:\/\/studiomarideus.com\/pagina-inicial\/wp-json\/wp\/v2\/pages"}],"about":[{"href":"https:\/\/studiomarideus.com\/pagina-inicial\/wp-json\/wp\/v2\/types\/page"}],"author":[{"embeddable":true,"href":"https:\/\/studiomarideus.com\/pagina-inicial\/wp-json\/wp\/v2\/users\/1"}],"replies":[{"embeddable":true,"href":"https:\/\/studiomarideus.com\/pagina-inicial\/wp-json\/wp\/v2\/comments?post=937"}],"version-history":[{"count":10,"href":"https:\/\/studiomarideus.com\/pagina-inicial\/wp-json\/wp\/v2\/pages\/937\/revisions"}],"predecessor-version":[{"id":1235,"href":"https:\/\/studiomarideus.com\/pagina-inicial\/wp-json\/wp\/v2\/pages\/937\/revisions\/1235"}],"wp:attachment":[{"href":"https:\/\/studiomarideus.com\/pagina-inicial\/wp-json\/wp\/v2\/media?parent=937"}],"curies":[{"name":"wp","href":"https:\/\/api.w.org\/{rel}","templated":true}]}}